{"id":2003,"date":"2022-02-17T12:09:25","date_gmt":"2022-02-17T11:09:25","guid":{"rendered":"https:\/\/calefon.es.46-231-5-178.46-231-5-178.visualpublinet.com\/promociones\/"},"modified":"2026-03-27T13:58:46","modified_gmt":"2026-03-27T12:58:46","slug":"promociones","status":"publish","type":"page","link":"https:\/\/calefon.es\/pt-pt\/promociones\/","title":{"rendered":"Promo\u00e7\u00f5es"},"content":{"rendered":"<p>[et_pb_section fb_built=&#8221;1&#8243; _builder_version=&#8221;4.16&#8243; _module_preset=&#8221;default&#8221; background_color=&#8221;rgba(255,255,255,0)&#8221; positioning=&#8221;absolute&#8221; custom_padding=&#8221;40px||0px||false|false&#8221; animation_direction=&#8221;top&#8221; global_colors_info=&#8221;{}&#8221;][et_pb_row custom_padding_last_edited=&#8221;on|desktop&#8221; _builder_version=&#8221;4.16&#8243; _module_preset=&#8221;default&#8221; background_color=&#8221;#FFFFFF&#8221; overflow-y=&#8221;visible&#8221; custom_padding=&#8221;6px|50px|6px|50px|true|true&#8221; custom_padding_tablet=&#8221;10px|30px|10px|30px|true|true&#8221; custom_padding_phone=&#8221;10px|15px|10px|15px|true|true&#8221; border_radii=&#8221;on|25px|25px|25px|25px&#8221; box_shadow_style=&#8221;preset1&#8243; box_shadow_color=&#8221;rgba(0,0,0,0.15)&#8221; global_colors_info=&#8221;{}&#8221;][et_pb_column type=&#8221;4_4&#8243; _builder_version=&#8221;4.16&#8243; _module_preset=&#8221;default&#8221; global_colors_info=&#8221;{}&#8221;][et_pb_menu logo=&#8221;https:\/\/calefon.es\/wp-content\/uploads\/2022\/02\/calefon-logo.png&#8221; logo_url=&#8221;@ET-DC@eyJkeW5hbWljIjp0cnVlLCJjb250ZW50IjoicG9zdF9saW5rX3VybF9wYWdlIiwic2V0dGluZ3MiOnsicG9zdF9pZCI6IjQ1In19@&#8221; logo_width=&#8221;200px&#8221; logo_width_tablet=&#8221;150px&#8221; logo_width_phone=&#8221;120px&#8221; logo_width_last_edited=&#8221;on|phone&#8221; _builder_version=&#8221;4.16&#8243; _dynamic_attributes=&#8221;logo_url&#8221; _module_preset=&#8221;default&#8221; menu_font=&#8221;Montserrat||||||||&#8221; menu_font_size=&#8221;17px&#8221; background_enable_color=&#8221;off&#8221; text_orientation=&#8221;right&#8221; custom_margin=&#8221;0px|0px|0px|0px|false|false&#8221; custom_padding=&#8221;0px|0px|0px|0px|true|true&#8221; global_colors_info=&#8221;{}&#8221;][\/et_pb_menu][\/et_pb_column][\/et_pb_row][et_pb_row _builder_version=&#8221;4.16&#8243; _module_preset=&#8221;default&#8221; custom_padding=&#8221;0px||0px|||&#8221; global_colors_info=&#8221;{}&#8221;][et_pb_column type=&#8221;4_4&#8243; _builder_version=&#8221;4.16&#8243; _module_preset=&#8221;default&#8221; global_colors_info=&#8221;{}&#8221;][et_pb_blurb title=&#8221;\u00c1rea profesional&#8221; url=&#8221;https:\/\/profesional.calefon.es\/profesional&#8221; url_new_window=&#8221;on&#8221; image=&#8221;https:\/\/calefon.es\/wp-content\/uploads\/2022\/02\/icon-area-profesional@0.5x.png&#8221; icon_placement=&#8221;left&#8221; image_icon_width=&#8221;40px&#8221; image_icon_width_tablet=&#8221;35px&#8221; image_icon_width_phone=&#8221;25px&#8221; image_icon_width_last_edited=&#8221;on|phone&#8221; _builder_version=&#8221;4.16&#8243; _module_preset=&#8221;default&#8221; header_font=&#8221;Montserrat|300|||||||&#8221; header_text_align=&#8221;center&#8221; header_text_color=&#8221;#FFFFFF&#8221; header_font_size=&#8221;18px&#8221; background_color=&#8221;#0E667E&#8221; max_width=&#8221;300px&#8221; max_width_tablet=&#8221;280px&#8221; max_width_phone=&#8221;200px&#8221; max_width_last_edited=&#8221;on|desktop&#8221; custom_margin=&#8221;0px|6%|0px|auto|true|false&#8221; custom_margin_tablet=&#8221;0px|6%|0px|auto|true|false&#8221; custom_margin_phone=&#8221;|auto|||true|false&#8221; custom_margin_last_edited=&#8221;on|phone&#8221; custom_padding=&#8221;8px|30px|8px|30px|true|true&#8221; custom_padding_tablet=&#8221;6px||6px||true|true&#8221; custom_padding_phone=&#8221;5px|20px|5px|20px|true|true&#8221; custom_padding_last_edited=&#8221;on|phone&#8221; animation=&#8221;off&#8221; link_option_url=&#8221;https:\/\/profesional.calefon.es\/profesional&#8221; header_font_size_tablet=&#8221;18px&#8221; header_font_size_phone=&#8221;15px&#8221; header_font_size_last_edited=&#8221;on|phone&#8221; custom_css_blurb_title=&#8221;margin-top:13px !important;&#8221; border_radii=&#8221;off|||15px|15px&#8221; box_shadow_style=&#8221;preset1&#8243; box_shadow_color=&#8221;rgba(0,0,0,0.2)&#8221; locked=&#8221;off&#8221; global_colors_info=&#8221;{}&#8221; custom_css_blurb_title_last_edited=&#8221;on|desktop&#8221; custom_css_blurb_title_tablet=&#8221;margin-top:10px !important;&#8221; custom_css_blurb_title_phone=&#8221;margin-top:6px !important;&#8221; background__hover_enabled=&#8221;on|desktop&#8221; background_color__hover=&#8221;#003b52&#8243; background_enable_color__hover=&#8221;on&#8221;][\/et_pb_blurb][\/et_pb_column][\/et_pb_row][\/et_pb_section][et_pb_section fb_built=&#8221;1&#8243; custom_padding_last_edited=&#8221;on|phone&#8221; _builder_version=&#8221;4.16&#8243; _module_preset=&#8221;default&#8221; custom_margin=&#8221;||||false|false&#8221; custom_padding=&#8221;200px||||false|false&#8221; custom_padding_tablet=&#8221;180px||||false|false&#8221; custom_padding_phone=&#8221;150px||||false|false&#8221; locked=&#8221;off&#8221; global_colors_info=&#8221;{}&#8221;][et_pb_row _builder_version=&#8221;4.16&#8243; _module_preset=&#8221;default&#8221; global_colors_info=&#8221;{}&#8221;][et_pb_column type=&#8221;4_4&#8243; _builder_version=&#8221;4.16&#8243; _module_preset=&#8221;default&#8221; global_colors_info=&#8221;{}&#8221;][et_pb_text _builder_version=&#8221;4.17.6&#8243; _module_preset=&#8221;default&#8221; global_colors_info=&#8221;{}&#8221;]<\/p>\n<h1><span class=\"subtitle\">Promo\u00e7\u00f5es<\/span><br \/>\nOfertas para instaladores profissionais<\/h1>\n<p>A Calef\u00f3n pensa sempre no cliente e, por isso, faz ofertas regulares e constantes, promo\u00e7\u00f5es, descontos e pre\u00e7os especiais que suportam o instalador no seu dia-a-dia e ajudam a satisfazer a procura dos utilizadores com os melhores produtos.<\/p>\n<p>N\u00e3o perca as ofertas que temos dispon\u00edveis neste momento.[\/et_pb_text][\/et_pb_column][\/et_pb_row][et_pb_row _builder_version=&#8221;4.16&#8243; _module_preset=&#8221;default&#8221; locked=&#8221;off&#8221; global_colors_info=&#8221;{}&#8221;][et_pb_column type=&#8221;4_4&#8243; _builder_version=&#8221;4.16&#8243; _module_preset=&#8221;default&#8221; global_colors_info=&#8221;{}&#8221;][dica_divi_carousel show_items_mobile=&#8221;2&#8243; transition_duration=&#8221;2000&#8243; loop=&#8221;on&#8221; autoplay=&#8221;on&#8221; hoverpause=&#8221;on&#8221; arrow_nav=&#8221;on&#8221; equal_height=&#8221;on&#8221; lazy_loading=&#8221;on&#8221; load_before_transition=&#8221;on&#8221; advanced_effect=&#8221;1&#8243; arrow_bg_color=&#8221;#DBE8EC&#8221; overlay_color_field_bgcolor=&#8221;rgba(255,255,255,0.85)&#8221; arrow_font_size=&#8221;40px&#8221; module_class=&#8221;promo-carousel&#8221; _builder_version=&#8221;4.27.4&#8243; _module_preset=&#8221;default&#8221; hover_transition_duration=&#8221;200ms&#8221; hover_enabled=&#8221;0&#8243; custom_css_title=&#8221;display:none;&#8221; border_radii_image=&#8221;on|3px|3px|3px|3px&#8221; locked=&#8221;off&#8221; global_colors_info=&#8221;{}&#8221; sticky_enabled=&#8221;0&#8243;][dica_divi_carouselitem title=&#8221;SUNECO NUEVO&#8221; button_url_new_window=&#8221;1&#8243; image=&#8221;https:\/\/calefon.es\/wp-content\/uploads\/2025\/07\/Calefon-Campana-Suneco-Julio-2025-PT.webp&#8221; _builder_version=&#8221;4.27.4&#8243; _module_preset=&#8221;default&#8221; link_option_url=&#8221;https:\/\/calefon.es\/wp-content\/uploads\/2025\/07\/PT_PVP_Gama-Aire-Acondicionado_Suneco_2025.pdf&#8221; global_colors_info=&#8221;{}&#8221;][\/dica_divi_carouselitem][dica_divi_carouselitem title=&#8221;ESQUENTADORES CABEL&#8221; button_url_new_window=&#8221;1&#8243; image=&#8221;https:\/\/calefon.es\/wp-content\/uploads\/2026\/03\/promo-web-calentadores_portugal.jpg&#8221; _builder_version=&#8221;4.27.4&#8243; _dynamic_attributes=&#8221;link_option_url&#8221; _module_preset=&#8221;default&#8221; link_option_url=&#8221;@ET-DC@eyJkeW5hbWljIjp0cnVlLCJjb250ZW50IjoicG9zdF9saW5rX3VybF9hdHRhY2htZW50Iiwic2V0dGluZ3MiOnsicG9zdF9pZCI6IjE3NzU4In19@&#8221; link_option_url_new_window=&#8221;on&#8221; hover_enabled=&#8221;0&#8243; global_colors_info=&#8221;{}&#8221; sticky_enabled=&#8221;0&#8243;][\/dica_divi_carouselitem][dica_divi_carouselitem title=&#8221;PROMO KLAUKE&#8221; button_url_new_window=&#8221;1&#8243; image=&#8221;https:\/\/calefon.es\/wp-content\/uploads\/2026\/01\/PROMO-KLAUKE-2026-PORTUGAL.jpg&#8221; _builder_version=&#8221;4.27.4&#8243; _module_preset=&#8221;default&#8221; global_colors_info=&#8221;{}&#8221;][\/dica_divi_carouselitem][dica_divi_carouselitem title=&#8221;FERRAMENTAS&#8221; button_url_new_window=&#8221;1&#8243; image=&#8221;https:\/\/calefon.es\/wp-content\/uploads\/2024\/04\/promo_ferramentas_total.jpg&#8221; _builder_version=&#8221;4.27.4&#8243; _module_preset=&#8221;default&#8221; link_option_url=&#8221;https:\/\/calefon.es\/wp-content\/uploads\/2024\/09\/PROMOCION-HERRAMIENTAS-TOTAL_PORTUGAL_WEB_2024.pdf&#8221; global_colors_info=&#8221;{}&#8221;][\/dica_divi_carouselitem][dica_divi_carouselitem title=&#8221;GRIFERIA COCINHA&#8221; button_url_new_window=&#8221;1&#8243; image=&#8221;https:\/\/calefon.es\/wp-content\/uploads\/2026\/03\/PROMO_GRIFERIA-COCINA_WEB_PT.jpg&#8221; _builder_version=&#8221;4.27.4&#8243; _dynamic_attributes=&#8221;link_option_url&#8221; _module_preset=&#8221;default&#8221; link_option_url=&#8221;@ET-DC@eyJkeW5hbWljIjp0cnVlLCJjb250ZW50IjoicG9zdF9saW5rX3VybF9hdHRhY2htZW50Iiwic2V0dGluZ3MiOnsicG9zdF9pZCI6IjE3NzE0In19@&#8221; global_colors_info=&#8221;{}&#8221;][\/dica_divi_carouselitem][dica_divi_carouselitem title=&#8221;SLON VASOS MANOMETRO&#8221; button_url_new_window=&#8221;1&#8243; image=&#8221;https:\/\/calefon.es\/wp-content\/uploads\/2026\/01\/PROMO-VASOS-Y-MANOMETRO_PORTUGAL.jpg&#8221; _builder_version=&#8221;4.27.4&#8243; _module_preset=&#8221;default&#8221; global_colors_info=&#8221;{}&#8221;][\/dica_divi_carouselitem][dica_divi_carouselitem title=&#8221;bombas de calor&#8221; button_url_new_window=&#8221;1&#8243; image=&#8221;https:\/\/calefon.es\/wp-content\/uploads\/2024\/04\/PROMOCAO_BOMBAS-DE-CALOR-scaled.jpg&#8221; _builder_version=&#8221;4.27.4&#8243; _module_preset=&#8221;default&#8221; global_colors_info=&#8221;{}&#8221;][\/dica_divi_carouselitem][dica_divi_carouselitem title=&#8221;SUNECO BOMBA DE CALOR&#8221; button_url_new_window=&#8221;1&#8243; image=&#8221;https:\/\/calefon.es\/wp-content\/uploads\/2024\/11\/PROMO-BOMBA-SUNECO-WEB_PORTUGAL.jpg&#8221; _builder_version=&#8221;4.27.4&#8243; _module_preset=&#8221;default&#8221; link_option_url=&#8221;https:\/\/calefon.es\/wp-content\/uploads\/2024\/11\/Catalogo-Bomba-de-calor_SUNECO_PORTUGAL.pdf&#8221; global_colors_info=&#8221;{}&#8221;][\/dica_divi_carouselitem][\/dica_divi_carousel][et_pb_shop type=&#8221;sale&#8221; show_pagination=&#8221;on&#8221; columns_number=&#8221;4&#8243; sale_badge_color=&#8221;#0E667E&#8221; icon_hover_color=&#8221;RGBA(255,255,255,0)&#8221; hover_overlay_color=&#8221;RGBA(255,255,255,0)&#8221; show_price=&#8221;off&#8221; show_rating=&#8221;off&#8221; disabled_on=&#8221;on|on|on&#8221; _builder_version=&#8221;4.16&#8243; _module_preset=&#8221;default&#8221; sale_badge_custom_margin=&#8221;-21px||0px||false|false&#8221; sale_badge_custom_padding=&#8221;5px|16px|5px|16px|true|true&#8221; title_font_size=&#8221;25px&#8221; sale_badge_font=&#8221;Montserrat|600|||||||&#8221; sale_badge_text_color=&#8221;#FFFFFF&#8221; title_font_size_tablet=&#8221;20px&#8221; title_font_size_phone=&#8221;20px&#8221; title_font_size_last_edited=&#8221;on|tablet&#8221; border_radii_image=&#8221;off|30px|30px||&#8221; border_radii_sale_badge=&#8221;on|20px|20px|20px|20px&#8221; disabled=&#8221;on&#8221; global_colors_info=&#8221;{}&#8221;][\/et_pb_shop][\/et_pb_column][\/et_pb_row][\/et_pb_section]<\/p>\n","protected":false},"excerpt":{"rendered":"<p>Promo\u00e7\u00f5es Ofertas para instaladores profissionais A Calef\u00f3n pensa sempre no cliente e, por isso, faz ofertas regulares e constantes, promo\u00e7\u00f5es, descontos e pre\u00e7os especiais que suportam o instalador no seu dia-a-dia e ajudam a satisfazer a procura dos utilizadores com os melhores produtos. N\u00e3o perca as ofertas que temos dispon\u00edveis neste momento.<div class=\"et_pb_module dica_divi_carousel dica_divi_carousel_0\">\n\t\t\t\t\n\t\t\t\t\n\t\t\t\t\n\t\t\t\t\n\t\t\t\t\n\t\t\t\t\n\t\t\t\t<div class=\"et_pb_module_inner\">\n\t\t\t\t\t<div class=\"dica-container  desktop_middle-inside tablet_middle-inside mobile_middle-inside\" data-props='{\"desktop\":\"4\",\"tablet\":\"3\",\"mobile\":\"&#8221;2&#8243;\",\"speed\":\"&#8221;2000&#8243;\",\"arrow\":\"off\",\"dots\":\"off\",\"autoplay\":\"off\",\"autoSpeed\":\"1000\",\"loop\":\"&#8221;on&#8221;\",\"item_spacing\":\"30\",\"center_mode\":\"off\",\"slider_effec\":\"default\",\"cover_rotate\":\"50\",\"pause_onhover\":\"off\",\"multislide\":\"off\",\"cfshadow\":\"on\",\"order\":\"0\",\"lazyload\":\"off\",\"lazybefore\":\"off\",\"scroller_effect\":\"off\",\"autowidth\":\"off\",\"item_spacing_tablet\":\"30\",\"item_spacing_phone\":\"30\",\"scroller_speed\":\"4000\",\"hashNavigation\":\"off\",\"simulatetouch\":\"off\",\"allowtouchmove\":\"off\",\"slide_row\":\"1\",\"slide_row_tablet\":\"1\",\"slide_row_phone\":\"1\",\"keyboard\":\"off\",\"mousewheel\":\"off\",\"autoplay_viewport\":\"\"}'>\n\t\t\t\t\t\t\t \t<div class=\"swiper-container\" >\n\t\t\t\t\t\t\t\t\t<div class=\"swiper-wrapper\"><\/div>\t\n\t\t\t\t\t\t\t\t<\/div>\t\n\t\t\t\t\t\t\t\t\n\t\t\t\t\t\t\t\t\t\t\t\t\t\t\n\t\t\t\t\t\t\t<\/div>\n\t\t\t\t<\/div>\n\t\t\t<\/div><\/p>\n","protected":false},"author":1,"featured_media":0,"parent":0,"menu_order":0,"comment_status":"closed","ping_status":"closed","template":"","meta":{"_et_pb_use_builder":"on","_et_pb_old_content":"<!-- wp:divi\/placeholder \/-->","_et_gb_content_width":"","footnotes":""},"class_list":["post-2003","page","type-page","status-publish","hentry"],"yoast_head":"<!-- This site is optimized with the Yoast SEO plugin v25.1 - https:\/\/yoast.com\/wordpress\/plugins\/seo\/ -->\n<title>Oferta y promoci\u00f3n de suministros para instaladores | Calef\u00f3n<\/title>\n<meta name=\"description\" content=\"Descuestos especiales en materiales para instaladores. Consigue los mejores suministros para tu trabajo con la calidad y SAT de Calef\u00f3n.\" \/>\n<meta name=\"robots\" content=\"index, follow, max-snippet:-1, max-image-preview:large, max-video-preview:-1\" \/>\n<link rel=\"canonical\" href=\"https:\/\/calefon.es\/pt-pt\/promociones\/\" \/>\n<meta property=\"og:locale\" content=\"pt_PT\" \/>\n<meta property=\"og:type\" content=\"article\" \/>\n<meta property=\"og:title\" content=\"Oferta y promoci\u00f3n de suministros para instaladores | Calef\u00f3n\" \/>\n<meta property=\"og:description\" content=\"Descuestos especiales en materiales para instaladores. Consigue los mejores suministros para tu trabajo con la calidad y SAT de Calef\u00f3n.\" \/>\n<meta property=\"og:url\" content=\"https:\/\/calefon.es\/pt-pt\/promociones\/\" \/>\n<meta property=\"og:site_name\" content=\"Calef\u00f3n\" \/>\n<meta property=\"article:modified_time\" content=\"2026-03-27T12:58:46+00:00\" \/>\n<meta name=\"twitter:card\" content=\"summary_large_image\" \/>\n<meta name=\"twitter:label1\" content=\"Tempo estimado de leitura\" \/>\n\t<meta name=\"twitter:data1\" content=\"3 minutos\" \/>\n<script type=\"application\/ld+json\" class=\"yoast-schema-graph\">{\"@context\":\"https:\/\/schema.org\",\"@graph\":[{\"@type\":\"WebPage\",\"@id\":\"https:\/\/calefon.es\/pt-pt\/promociones\/\",\"url\":\"https:\/\/calefon.es\/pt-pt\/promociones\/\",\"name\":\"Oferta y promoci\u00f3n de suministros para instaladores | Calef\u00f3n\",\"isPartOf\":{\"@id\":\"https:\/\/calefon.es\/pt-pt\/#website\"},\"datePublished\":\"2022-02-17T11:09:25+00:00\",\"dateModified\":\"2026-03-27T12:58:46+00:00\",\"description\":\"Descuestos especiales en materiales para instaladores. Consigue los mejores suministros para tu trabajo con la calidad y SAT de Calef\u00f3n.\",\"breadcrumb\":{\"@id\":\"https:\/\/calefon.es\/pt-pt\/promociones\/#breadcrumb\"},\"inLanguage\":\"pt-PT\",\"potentialAction\":[{\"@type\":\"ReadAction\",\"target\":[\"https:\/\/calefon.es\/pt-pt\/promociones\/\"]}]},{\"@type\":\"BreadcrumbList\",\"@id\":\"https:\/\/calefon.es\/pt-pt\/promociones\/#breadcrumb\",\"itemListElement\":[{\"@type\":\"ListItem\",\"position\":1,\"name\":\"Home\",\"item\":\"https:\/\/calefon.es\/pt-pt\/\"},{\"@type\":\"ListItem\",\"position\":2,\"name\":\"Promo\u00e7\u00f5es\"}]},{\"@type\":\"WebSite\",\"@id\":\"https:\/\/calefon.es\/pt-pt\/#website\",\"url\":\"https:\/\/calefon.es\/pt-pt\/\",\"name\":\"Calef\u00f3n\",\"description\":\"\",\"potentialAction\":[{\"@type\":\"SearchAction\",\"target\":{\"@type\":\"EntryPoint\",\"urlTemplate\":\"https:\/\/calefon.es\/pt-pt\/?s={search_term_string}\"},\"query-input\":{\"@type\":\"PropertyValueSpecification\",\"valueRequired\":true,\"valueName\":\"search_term_string\"}}],\"inLanguage\":\"pt-PT\"}]}<\/script>\n<!-- \/ Yoast SEO plugin. -->","yoast_head_json":{"title":"Oferta y promoci\u00f3n de suministros para instaladores | Calef\u00f3n","description":"Descuestos especiales en materiales para instaladores. Consigue los mejores suministros para tu trabajo con la calidad y SAT de Calef\u00f3n.","robots":{"index":"index","follow":"follow","max-snippet":"max-snippet:-1","max-image-preview":"max-image-preview:large","max-video-preview":"max-video-preview:-1"},"canonical":"https:\/\/calefon.es\/pt-pt\/promociones\/","og_locale":"pt_PT","og_type":"article","og_title":"Oferta y promoci\u00f3n de suministros para instaladores | Calef\u00f3n","og_description":"Descuestos especiales en materiales para instaladores. Consigue los mejores suministros para tu trabajo con la calidad y SAT de Calef\u00f3n.","og_url":"https:\/\/calefon.es\/pt-pt\/promociones\/","og_site_name":"Calef\u00f3n","article_modified_time":"2026-03-27T12:58:46+00:00","twitter_card":"summary_large_image","twitter_misc":{"Tempo estimado de leitura":"3 minutos"},"schema":{"@context":"https:\/\/schema.org","@graph":[{"@type":"WebPage","@id":"https:\/\/calefon.es\/pt-pt\/promociones\/","url":"https:\/\/calefon.es\/pt-pt\/promociones\/","name":"Oferta y promoci\u00f3n de suministros para instaladores | Calef\u00f3n","isPartOf":{"@id":"https:\/\/calefon.es\/pt-pt\/#website"},"datePublished":"2022-02-17T11:09:25+00:00","dateModified":"2026-03-27T12:58:46+00:00","description":"Descuestos especiales en materiales para instaladores. Consigue los mejores suministros para tu trabajo con la calidad y SAT de Calef\u00f3n.","breadcrumb":{"@id":"https:\/\/calefon.es\/pt-pt\/promociones\/#breadcrumb"},"inLanguage":"pt-PT","potentialAction":[{"@type":"ReadAction","target":["https:\/\/calefon.es\/pt-pt\/promociones\/"]}]},{"@type":"BreadcrumbList","@id":"https:\/\/calefon.es\/pt-pt\/promociones\/#breadcrumb","itemListElement":[{"@type":"ListItem","position":1,"name":"Home","item":"https:\/\/calefon.es\/pt-pt\/"},{"@type":"ListItem","position":2,"name":"Promo\u00e7\u00f5es"}]},{"@type":"WebSite","@id":"https:\/\/calefon.es\/pt-pt\/#website","url":"https:\/\/calefon.es\/pt-pt\/","name":"Calef\u00f3n","description":"","potentialAction":[{"@type":"SearchAction","target":{"@type":"EntryPoint","urlTemplate":"https:\/\/calefon.es\/pt-pt\/?s={search_term_string}"},"query-input":{"@type":"PropertyValueSpecification","valueRequired":true,"valueName":"search_term_string"}}],"inLanguage":"pt-PT"}]}},"_links":{"self":[{"href":"https:\/\/calefon.es\/pt-pt\/wp-json\/wp\/v2\/pages\/2003","targetHints":{"allow":["GET"]}}],"collection":[{"href":"https:\/\/calefon.es\/pt-pt\/wp-json\/wp\/v2\/pages"}],"about":[{"href":"https:\/\/calefon.es\/pt-pt\/wp-json\/wp\/v2\/types\/page"}],"author":[{"embeddable":true,"href":"https:\/\/calefon.es\/pt-pt\/wp-json\/wp\/v2\/users\/1"}],"replies":[{"embeddable":true,"href":"https:\/\/calefon.es\/pt-pt\/wp-json\/wp\/v2\/comments?post=2003"}],"version-history":[{"count":46,"href":"https:\/\/calefon.es\/pt-pt\/wp-json\/wp\/v2\/pages\/2003\/revisions"}],"predecessor-version":[{"id":17759,"href":"https:\/\/calefon.es\/pt-pt\/wp-json\/wp\/v2\/pages\/2003\/revisions\/17759"}],"wp:attachment":[{"href":"https:\/\/calefon.es\/pt-pt\/wp-json\/wp\/v2\/media?parent=2003"}],"curies":[{"name":"wp","href":"https:\/\/api.w.org\/{rel}","templated":true}]}}