{"id":2009,"date":"2022-02-14T13:00:47","date_gmt":"2022-02-14T12:00:47","guid":{"rendered":"https:\/\/calefon.es.46-231-5-178.46-231-5-178.visualpublinet.com\/puntos-de-venta\/"},"modified":"2022-05-26T13:34:48","modified_gmt":"2022-05-26T11:34:48","slug":"pontos-de-venda","status":"publish","type":"page","link":"https:\/\/calefon.es\/pt-pt\/pontos-de-venda\/","title":{"rendered":"Pontos de venda"},"content":{"rendered":"<p>[et_pb_section fb_built=&#8221;1&#8243; custom_padding_last_edited=&#8221;on|phone&#8221; _builder_version=&#8221;4.14.6&#8243; _module_preset=&#8221;default&#8221; custom_margin=&#8221;||||false|false&#8221; custom_padding=&#8221;200px||||false|false&#8221; custom_padding_tablet=&#8221;180px||||false|false&#8221; custom_padding_phone=&#8221;150px||||false|false&#8221; global_colors_info=&#8221;{}&#8221;][et_pb_row _builder_version=&#8221;4.14.6&#8243; _module_preset=&#8221;default&#8221; custom_padding=&#8221;||60px|||&#8221; global_colors_info=&#8221;{}&#8221;][et_pb_column type=&#8221;4_4&#8243; _builder_version=&#8221;4.14.6&#8243; _module_preset=&#8221;default&#8221; global_colors_info=&#8221;{}&#8221;][et_pb_text _builder_version=&#8221;4.14.6&#8243; _module_preset=&#8221;default&#8221; hover_enabled=&#8221;0&#8243; global_colors_info=&#8221;{}&#8221; sticky_enabled=&#8221;0&#8243;]<\/p>\n<h1>Pontos de venda<\/h1>\n<p>Calef\u00f3n tem \u00f3timos pontos de venda em toda a Galiza e norte de Portugal.<\/p>\n<p>Al\u00e9m disso, disp\u00f5e de um Centro log\u00edstico em Santiago de Compostela, onde centraliza a atividade e gere entregas.<\/p>\n<p>Todos estes pontos de venda s\u00e3o instala\u00e7\u00f5es especializadas onde os profissionais encontram diariamente todos os produtos e servi\u00e7os de que necessitam.<\/p>\n<p>Em cada Delega\u00e7\u00e3o dispomos de uma equipa de balc\u00e3o especializado, rede comercial pr\u00f3pria, Gabinete T\u00e9cnico de projetos, or\u00e7amentos e atendimento personalizado, salas de forma\u00e7\u00e3o para atualizar conhecimentos, tanto internos como para clientes, e feiras para que o cliente esteja atento \u00e0s novidades, \u00e0 gama e qualidade dos produtos.<\/p>\n<p>Os nossos pontos de venda:<\/p>\n<p>[\/et_pb_text][\/et_pb_column][\/et_pb_row][et_pb_row column_structure=&#8221;1_4,1_4,1_4,1_4&#8243; use_custom_gutter=&#8221;on&#8221; gutter_width=&#8221;2&#8243; make_equal=&#8221;on&#8221; custom_padding_last_edited=&#8221;on|phone&#8221; _builder_version=&#8221;4.14.6&#8243; _module_preset=&#8221;default&#8221; custom_padding=&#8221;0px||46px|||&#8221; custom_padding_tablet=&#8221;0px||46px|||&#8221; custom_padding_phone=&#8221;||30px||false|false&#8221; locked=&#8221;off&#8221; global_colors_info=&#8221;{}&#8221;][et_pb_column type=&#8221;1_4&#8243; _builder_version=&#8221;4.14.6&#8243; _module_preset=&#8221;default&#8221; custom_padding=&#8221;20px|20px|20px|20px|true|true&#8221; border_radii=&#8221;on|25px|25px|25px|25px&#8221; box_shadow_style=&#8221;preset1&#8243; box_shadow_color=&#8221;rgba(0,0,0,0.15)&#8221; global_colors_info=&#8221;{}&#8221;][et_pb_text _builder_version=&#8221;4.14.6&#8243; _module_preset=&#8221;default&#8221; header_3_font=&#8221;|600||on|||||&#8221; header_3_text_color=&#8221;#0E667E&#8221; header_3_line_height=&#8221;1.2em&#8221; global_colors_info=&#8221;{}&#8221;]<\/p>\n<h3>Santiago de compostela<span style=\"font-weight: 400;\"> <\/span><\/h3>\n<p>[\/et_pb_text][et_pb_blurb use_icon=&#8221;on&#8221; font_icon=&#8221;&#xf879;||fa||900&#8243; icon_placement=&#8221;left&#8221; image_icon_width=&#8221;20px&#8221; _builder_version=&#8221;4.14.6&#8243; _module_preset=&#8221;default&#8221; body_font=&#8221;||||||||&#8221; custom_margin=&#8221;||||false|false&#8221; custom_css_blurb_image=&#8221;padding-top: 4px;&#8221; global_colors_info=&#8221;{}&#8221;]<\/p>\n<p><span style=\"font-weight: 400;\">981 534 148<\/span><\/p>\n<p>[\/et_pb_blurb][et_pb_blurb use_icon=&#8221;on&#8221; font_icon=&#8221;&#xe076;||divi||400&#8243; icon_placement=&#8221;left&#8221; image_icon_width=&#8221;20px&#8221; _builder_version=&#8221;4.14.6&#8243; _module_preset=&#8221;default&#8221; body_font=&#8221;||||||||&#8221; custom_margin=&#8221;||||false|false&#8221; custom_css_blurb_image=&#8221;padding-top: 4px;&#8221; global_colors_info=&#8221;{}&#8221;]<\/p>\n<p><span style=\"font-weight: 400;\">santiago@calefon.es<\/span><\/p>\n<p>[\/et_pb_blurb][et_pb_blurb use_icon=&#8221;on&#8221; font_icon=&#8221;&#xf3c5;||fa||900&#8243; icon_placement=&#8221;left&#8221; image_icon_width=&#8221;20px&#8221; _builder_version=&#8221;4.14.6&#8243; _module_preset=&#8221;default&#8221; body_font=&#8221;||||||||&#8221; custom_margin=&#8221;||||false|false&#8221; custom_css_blurb_image=&#8221;padding-top: 4px;&#8221; global_colors_info=&#8221;{}&#8221;]<\/p>\n<p><span style=\"font-weight: 400;\">Avda. Da Mestra Victoria M\u00edguez, n\u00ba128 \u00b7\u00a0 15706 Santiago de Compostela<\/span><\/p>\n<p>[\/et_pb_blurb][\/et_pb_column][et_pb_column type=&#8221;1_4&#8243; _builder_version=&#8221;4.14.6&#8243; _module_preset=&#8221;default&#8221; custom_padding=&#8221;20px|20px|20px|20px|true|true&#8221; border_radii=&#8221;on|25px|25px|25px|25px&#8221; box_shadow_style=&#8221;preset1&#8243; box_shadow_color=&#8221;rgba(0,0,0,0.15)&#8221; global_colors_info=&#8221;{}&#8221;][et_pb_text _builder_version=&#8221;4.14.6&#8243; _module_preset=&#8221;default&#8221; header_3_font=&#8221;|600||on|||||&#8221; header_3_text_color=&#8221;#0E667E&#8221; header_3_line_height=&#8221;1.2em&#8221; global_colors_info=&#8221;{}&#8221;]<\/p>\n<h3>Lugo<span style=\"font-weight: 400;\"><\/span><\/h3>\n<p>[\/et_pb_text][et_pb_blurb use_icon=&#8221;on&#8221; font_icon=&#8221;&#xf879;||fa||900&#8243; icon_placement=&#8221;left&#8221; image_icon_width=&#8221;20px&#8221; _builder_version=&#8221;4.14.6&#8243; _module_preset=&#8221;default&#8221; body_font=&#8221;||||||||&#8221; custom_margin=&#8221;||||false|false&#8221; custom_css_blurb_image=&#8221;padding-top: 4px;&#8221; global_colors_info=&#8221;{}&#8221;]<\/p>\n<p><span style=\"font-weight: 400;\">982 209 726<\/span><\/p>\n<p>[\/et_pb_blurb][et_pb_blurb use_icon=&#8221;on&#8221; font_icon=&#8221;&#xe076;||divi||400&#8243; icon_placement=&#8221;left&#8221; image_icon_width=&#8221;20px&#8221; _builder_version=&#8221;4.14.6&#8243; _module_preset=&#8221;default&#8221; body_font=&#8221;||||||||&#8221; custom_margin=&#8221;||||false|false&#8221; custom_css_blurb_image=&#8221;padding-top: 4px;&#8221; global_colors_info=&#8221;{}&#8221;]<\/p>\n<p><span style=\"font-weight: 400;\">lugo@calefon.es<\/span><\/p>\n<p>[\/et_pb_blurb][et_pb_blurb use_icon=&#8221;on&#8221; font_icon=&#8221;&#xf3c5;||fa||900&#8243; icon_placement=&#8221;left&#8221; image_icon_width=&#8221;20px&#8221; _builder_version=&#8221;4.14.6&#8243; _module_preset=&#8221;default&#8221; body_font=&#8221;||||||||&#8221; custom_margin=&#8221;||||false|false&#8221; hover_enabled=&#8221;0&#8243; custom_css_blurb_image=&#8221;padding-top: 4px;&#8221; global_colors_info=&#8221;{}&#8221; sticky_enabled=&#8221;0&#8243;]<\/p>\n<p><span style=\"font-weight: 400;\">O Ceao<br \/>Avda. Benigno Rivera n\u00ba9<br \/>27003 Lugo<\/span><\/p>\n<p>[\/et_pb_blurb][\/et_pb_column][et_pb_column type=&#8221;1_4&#8243; _builder_version=&#8221;4.14.6&#8243; _module_preset=&#8221;default&#8221; custom_padding=&#8221;20px|20px|20px|20px|true|true&#8221; border_radii=&#8221;on|25px|25px|25px|25px&#8221; box_shadow_style=&#8221;preset1&#8243; box_shadow_color=&#8221;rgba(0,0,0,0.15)&#8221; global_colors_info=&#8221;{}&#8221;][et_pb_text _builder_version=&#8221;4.14.6&#8243; _module_preset=&#8221;default&#8221; header_3_font=&#8221;|600||on|||||&#8221; header_3_text_color=&#8221;#0E667E&#8221; header_3_line_height=&#8221;1.2em&#8221; global_colors_info=&#8221;{}&#8221;]<\/p>\n<h3>Ourense<span style=\"font-weight: 400;\"><\/span><\/h3>\n<p>[\/et_pb_text][et_pb_blurb use_icon=&#8221;on&#8221; font_icon=&#8221;&#xf879;||fa||900&#8243; icon_placement=&#8221;left&#8221; image_icon_width=&#8221;20px&#8221; _builder_version=&#8221;4.14.6&#8243; _module_preset=&#8221;default&#8221; body_font=&#8221;||||||||&#8221; custom_margin=&#8221;||||false|false&#8221; custom_css_blurb_image=&#8221;padding-top: 4px;&#8221; global_colors_info=&#8221;{}&#8221;]<\/p>\n<p><span style=\"font-weight: 400;\">988 363 065<\/span><span style=\"font-weight: 400;\"><br \/><\/span><\/p>\n<p>[\/et_pb_blurb][et_pb_blurb use_icon=&#8221;on&#8221; font_icon=&#8221;&#xe076;||divi||400&#8243; icon_placement=&#8221;left&#8221; image_icon_width=&#8221;20px&#8221; _builder_version=&#8221;4.14.6&#8243; _module_preset=&#8221;default&#8221; body_font=&#8221;||||||||&#8221; custom_margin=&#8221;||||false|false&#8221; custom_css_blurb_image=&#8221;padding-top: 4px;&#8221; global_colors_info=&#8221;{}&#8221;]<\/p>\n<p><span style=\"font-weight: 400;\">ourense@calefon.es<\/span><\/p>\n<p>[\/et_pb_blurb][et_pb_blurb use_icon=&#8221;on&#8221; font_icon=&#8221;&#xf3c5;||fa||900&#8243; icon_placement=&#8221;left&#8221; image_icon_width=&#8221;20px&#8221; _builder_version=&#8221;4.14.6&#8243; _module_preset=&#8221;default&#8221; body_font=&#8221;||||||||&#8221; custom_margin=&#8221;||||false|false&#8221; custom_css_blurb_image=&#8221;padding-top: 4px;&#8221; global_colors_info=&#8221;{}&#8221;]<\/p>\n<p><span style=\"font-weight: 400;\">Pol\u00edgono Comercial Barreiros, N525, Km. 231 \u00b7 32915<br \/>San Cibrao das Vi\u00f1as. Ourense<\/span><\/p>\n<p>[\/et_pb_blurb][\/et_pb_column][et_pb_column type=&#8221;1_4&#8243; _builder_version=&#8221;4.14.6&#8243; _module_preset=&#8221;default&#8221; custom_padding=&#8221;20px|20px|20px|20px|true|true&#8221; border_radii=&#8221;on|25px|25px|25px|25px&#8221; box_shadow_style=&#8221;preset1&#8243; box_shadow_color=&#8221;rgba(0,0,0,0.15)&#8221; global_colors_info=&#8221;{}&#8221;][et_pb_text _builder_version=&#8221;4.14.6&#8243; _module_preset=&#8221;default&#8221; header_3_font=&#8221;|600||on|||||&#8221; header_3_text_color=&#8221;#0E667E&#8221; header_3_line_height=&#8221;1.2em&#8221; global_colors_info=&#8221;{}&#8221;]<\/p>\n<h3>A Coru\u00f1a<span style=\"font-weight: 400;\"><\/span><\/h3>\n<p>[\/et_pb_text][et_pb_blurb use_icon=&#8221;on&#8221; font_icon=&#8221;&#xf879;||fa||900&#8243; icon_placement=&#8221;left&#8221; image_icon_width=&#8221;20px&#8221; _builder_version=&#8221;4.14.6&#8243; _module_preset=&#8221;default&#8221; body_font=&#8221;||||||||&#8221; custom_margin=&#8221;||||false|false&#8221; custom_css_blurb_image=&#8221;padding-top: 4px;&#8221; global_colors_info=&#8221;{}&#8221;]<\/p>\n<p><span style=\"font-weight: 400;\">981 081 917<\/span><span style=\"font-weight: 400;\"><br \/><\/span><\/p>\n<p>[\/et_pb_blurb][et_pb_blurb use_icon=&#8221;on&#8221; font_icon=&#8221;&#xe076;||divi||400&#8243; icon_placement=&#8221;left&#8221; image_icon_width=&#8221;20px&#8221; _builder_version=&#8221;4.14.6&#8243; _module_preset=&#8221;default&#8221; body_font=&#8221;||||||||&#8221; custom_margin=&#8221;||||false|false&#8221; custom_css_blurb_image=&#8221;padding-top: 4px;&#8221; global_colors_info=&#8221;{}&#8221;]<\/p>\n<p><span style=\"font-weight: 400;\">coruna@calefon.es<\/span><\/p>\n<p>[\/et_pb_blurb][et_pb_blurb use_icon=&#8221;on&#8221; font_icon=&#8221;&#xf3c5;||fa||900&#8243; icon_placement=&#8221;left&#8221; image_icon_width=&#8221;20px&#8221; _builder_version=&#8221;4.14.6&#8243; _module_preset=&#8221;default&#8221; body_font=&#8221;||||||||&#8221; custom_margin=&#8221;||||false|false&#8221; hover_enabled=&#8221;0&#8243; custom_css_blurb_image=&#8221;padding-top: 4px;&#8221; global_colors_info=&#8221;{}&#8221; sticky_enabled=&#8221;0&#8243;]<\/p>\n<p><span style=\"font-weight: 400;\">Pocomaco<br \/>c\/ Primeira, n\u00ba 6-8 \u00b7\u00a0 15190<br \/>A Coru\u00f1a<\/span><\/p>\n<p>[\/et_pb_blurb][\/et_pb_column][\/et_pb_row][et_pb_row column_structure=&#8221;1_4,1_4,1_4,1_4&#8243; use_custom_gutter=&#8221;on&#8221; gutter_width=&#8221;2&#8243; make_equal=&#8221;on&#8221; _builder_version=&#8221;4.14.6&#8243; _module_preset=&#8221;default&#8221; custom_padding=&#8221;0px|||||&#8221; locked=&#8221;off&#8221; global_colors_info=&#8221;{}&#8221;][et_pb_column type=&#8221;1_4&#8243; _builder_version=&#8221;4.14.6&#8243; _module_preset=&#8221;default&#8221; custom_padding=&#8221;20px|20px|20px|20px|true|true&#8221; border_radii=&#8221;on|25px|25px|25px|25px&#8221; box_shadow_style=&#8221;preset1&#8243; box_shadow_color=&#8221;rgba(0,0,0,0.15)&#8221; global_colors_info=&#8221;{}&#8221;][et_pb_text _builder_version=&#8221;4.14.6&#8243; _module_preset=&#8221;default&#8221; header_3_font=&#8221;|600||on|||||&#8221; header_3_text_color=&#8221;#0E667E&#8221; header_3_line_height=&#8221;1.2em&#8221; global_colors_info=&#8221;{}&#8221;]<\/p>\n<h3>Vigo<span style=\"font-weight: 400;\"><\/span><\/h3>\n<p>[\/et_pb_text][et_pb_blurb use_icon=&#8221;on&#8221; font_icon=&#8221;&#xf879;||fa||900&#8243; icon_placement=&#8221;left&#8221; image_icon_width=&#8221;20px&#8221; _builder_version=&#8221;4.14.6&#8243; _module_preset=&#8221;default&#8221; body_font=&#8221;||||||||&#8221; custom_margin=&#8221;||||false|false&#8221; custom_css_blurb_image=&#8221;padding-top: 4px;&#8221; global_colors_info=&#8221;{}&#8221;]<\/p>\n<p><span style=\"font-weight: 400;\">986 116 600<\/span><\/p>\n<p>[\/et_pb_blurb][et_pb_blurb use_icon=&#8221;on&#8221; font_icon=&#8221;&#xe076;||divi||400&#8243; icon_placement=&#8221;left&#8221; image_icon_width=&#8221;20px&#8221; _builder_version=&#8221;4.14.6&#8243; _module_preset=&#8221;default&#8221; body_font=&#8221;||||||||&#8221; custom_margin=&#8221;||||false|false&#8221; custom_css_blurb_image=&#8221;padding-top: 4px;&#8221; global_colors_info=&#8221;{}&#8221;]<\/p>\n<p><span style=\"font-weight: 400;\">vigo@calefon.es<\/span><\/p>\n<p>[\/et_pb_blurb][et_pb_blurb use_icon=&#8221;on&#8221; font_icon=&#8221;&#xf3c5;||fa||900&#8243; icon_placement=&#8221;left&#8221; image_icon_width=&#8221;20px&#8221; _builder_version=&#8221;4.14.6&#8243; _module_preset=&#8221;default&#8221; body_font=&#8221;||||||||&#8221; custom_margin=&#8221;||||false|false&#8221; hover_enabled=&#8221;0&#8243; custom_css_blurb_image=&#8221;padding-top: 4px;&#8221; global_colors_info=&#8221;{}&#8221; sticky_enabled=&#8221;0&#8243;]<\/p>\n<p><span style=\"font-weight: 400;\">Miraflores<br \/>Ctra. Moledo n\u00ba8 \u00b7 Nave 1. 36214 S\u00e1rdoma. Vigo<\/span><\/p>\n<p>[\/et_pb_blurb][\/et_pb_column][et_pb_column type=&#8221;1_4&#8243; _builder_version=&#8221;4.14.6&#8243; _module_preset=&#8221;default&#8221; custom_padding=&#8221;20px|20px|20px|20px|true|true&#8221; border_radii=&#8221;on|25px|25px|25px|25px&#8221; box_shadow_style=&#8221;preset1&#8243; box_shadow_color=&#8221;rgba(0,0,0,0.15)&#8221; global_colors_info=&#8221;{}&#8221;][et_pb_text _builder_version=&#8221;4.14.6&#8243; _module_preset=&#8221;default&#8221; header_3_font=&#8221;|600||on|||||&#8221; header_3_text_color=&#8221;#0E667E&#8221; header_3_line_height=&#8221;1.2em&#8221; global_colors_info=&#8221;{}&#8221;]<\/p>\n<h3>Pontevedra<span style=\"font-weight: 400;\"><\/span><\/h3>\n<p>[\/et_pb_text][et_pb_blurb use_icon=&#8221;on&#8221; font_icon=&#8221;&#xf879;||fa||900&#8243; icon_placement=&#8221;left&#8221; image_icon_width=&#8221;20px&#8221; _builder_version=&#8221;4.14.6&#8243; _module_preset=&#8221;default&#8221; body_font=&#8221;||||||||&#8221; custom_margin=&#8221;||||false|false&#8221; custom_css_blurb_image=&#8221;padding-top: 4px;&#8221; global_colors_info=&#8221;{}&#8221;]<\/p>\n<p><span style=\"font-weight: 400;\">986 107 070<\/span><\/p>\n<p>[\/et_pb_blurb][et_pb_blurb use_icon=&#8221;on&#8221; font_icon=&#8221;&#xe076;||divi||400&#8243; icon_placement=&#8221;left&#8221; image_icon_width=&#8221;20px&#8221; _builder_version=&#8221;4.14.6&#8243; _module_preset=&#8221;default&#8221; body_font=&#8221;||||||||&#8221; custom_margin=&#8221;||||false|false&#8221; custom_css_blurb_image=&#8221;padding-top: 4px;&#8221; global_colors_info=&#8221;{}&#8221;]<\/p>\n<p><span style=\"font-weight: 400;\">pontevedra@calefon.es<\/span><\/p>\n<p>[\/et_pb_blurb][et_pb_blurb use_icon=&#8221;on&#8221; font_icon=&#8221;&#xf3c5;||fa||900&#8243; icon_placement=&#8221;left&#8221; image_icon_width=&#8221;20px&#8221; _builder_version=&#8221;4.14.6&#8243; _module_preset=&#8221;default&#8221; body_font=&#8221;||||||||&#8221; custom_margin=&#8221;||||false|false&#8221; custom_css_blurb_image=&#8221;padding-top: 4px;&#8221; global_colors_info=&#8221;{}&#8221;]<\/p>\n<p><span style=\"font-weight: 400;\">Carretera Ramalleira, n\u00ba43 36140 Vilaboa. Pontevedra<\/span><\/p>\n<p>[\/et_pb_blurb][\/et_pb_column][et_pb_column type=&#8221;1_4&#8243; _builder_version=&#8221;4.14.6&#8243; _module_preset=&#8221;default&#8221; custom_padding=&#8221;20px|20px|20px|20px|true|true&#8221; border_radii=&#8221;on|25px|25px|25px|25px&#8221; box_shadow_style=&#8221;preset1&#8243; box_shadow_color=&#8221;rgba(0,0,0,0.15)&#8221; global_colors_info=&#8221;{}&#8221;][et_pb_text _builder_version=&#8221;4.14.6&#8243; _module_preset=&#8221;default&#8221; header_3_font=&#8221;|600||on|||||&#8221; header_3_text_color=&#8221;#0E667E&#8221; header_3_line_height=&#8221;1.2em&#8221; global_colors_info=&#8221;{}&#8221;]<\/p>\n<h3>Portugal<span style=\"font-weight: 400;\"><\/span><\/h3>\n<p>[\/et_pb_text][et_pb_blurb use_icon=&#8221;on&#8221; font_icon=&#8221;&#xf879;||fa||900&#8243; icon_placement=&#8221;left&#8221; image_icon_width=&#8221;20px&#8221; _builder_version=&#8221;4.14.6&#8243; _module_preset=&#8221;default&#8221; body_font=&#8221;||||||||&#8221; custom_margin=&#8221;||||false|false&#8221; custom_css_blurb_image=&#8221;padding-top: 4px;&#8221; global_colors_info=&#8221;{}&#8221;]<\/p>\n<p><span style=\"font-weight: 400;\">+351 252 020 313<\/span><\/p>\n<p>[\/et_pb_blurb][et_pb_blurb use_icon=&#8221;on&#8221; font_icon=&#8221;&#xe076;||divi||400&#8243; icon_placement=&#8221;left&#8221; image_icon_width=&#8221;20px&#8221; _builder_version=&#8221;4.14.6&#8243; _module_preset=&#8221;default&#8221; body_font=&#8221;||||||||&#8221; custom_margin=&#8221;||||false|false&#8221; custom_css_blurb_image=&#8221;padding-top: 4px;&#8221; custom_css_blurb_content=&#8221;    font-weight: 400 !important;&#8221; global_colors_info=&#8221;{}&#8221;]<\/p>\n<p style=\"font-weight: 400;\">geral@calefon.pt<\/p>\n<p>[\/et_pb_blurb][et_pb_blurb use_icon=&#8221;on&#8221; font_icon=&#8221;&#xf3c5;||fa||900&#8243; icon_placement=&#8221;left&#8221; image_icon_width=&#8221;20px&#8221; _builder_version=&#8221;4.14.6&#8243; _module_preset=&#8221;default&#8221; body_font=&#8221;||||||||&#8221; custom_margin=&#8221;||||false|false&#8221; custom_css_blurb_image=&#8221;padding-top: 4px;&#8221; global_colors_info=&#8221;{}&#8221;]<\/p>\n<p><span style=\"font-weight: 400;\">Pavilh\u00e3o n\u00ba36, Zona Industrial Vilarinho Parque \u00b7 4760-762 Vilarinho das Cambas. V.N. Famalic\u00e3o<\/span><\/p>\n<p>[\/et_pb_blurb][\/et_pb_column][et_pb_column type=&#8221;1_4&#8243; _builder_version=&#8221;4.14.6&#8243; _module_preset=&#8221;default&#8221; custom_padding=&#8221;20px|20px|20px|20px|true|true&#8221; border_radii=&#8221;on|25px|25px|25px|25px&#8221; box_shadow_style=&#8221;preset1&#8243; box_shadow_color=&#8221;rgba(0,0,0,0.15)&#8221; global_colors_info=&#8221;{}&#8221;][et_pb_text _builder_version=&#8221;4.14.6&#8243; _module_preset=&#8221;default&#8221; header_3_font=&#8221;|600||on|||||&#8221; header_3_text_color=&#8221;#0E667E&#8221; header_3_line_height=&#8221;1.2em&#8221; hover_enabled=&#8221;0&#8243; global_colors_info=&#8221;{}&#8221; sticky_enabled=&#8221;0&#8243;]<\/p>\n<h3>Centro log\u00edstico<\/h3>\n<p>Business Park A Sionlla<\/p>\n<p>Santiago de Compostela<\/p>\n<p>[\/et_pb_text][et_pb_blurb use_icon=&#8221;on&#8221; font_icon=&#8221;&#xf3c5;||fa||900&#8243; icon_placement=&#8221;left&#8221; image_icon_width=&#8221;20px&#8221; disabled_on=&#8221;on|on|on&#8221; _builder_version=&#8221;4.14.6&#8243; _module_preset=&#8221;default&#8221; body_font=&#8221;||||||||&#8221; custom_margin=&#8221;||||false|false&#8221; custom_css_blurb_image=&#8221;padding-top: 4px;&#8221; disabled=&#8221;on&#8221; global_colors_info=&#8221;{}&#8221;]<\/p>\n<p><span style=\"font-weight: 400;\">Parque empresarial A Sionlla<br \/>Santiago de Compostela<\/span><\/p>\n<p>[\/et_pb_blurb][\/et_pb_column][\/et_pb_row][\/et_pb_section]<\/p>\n","protected":false},"excerpt":{"rendered":"<p>Pontos de venda Calef\u00f3n tem \u00f3timos pontos de venda em toda a Galiza e norte de Portugal. Al\u00e9m disso, disp\u00f5e de um Centro log\u00edstico em Santiago de Compostela, onde centraliza a atividade e gere entregas. Todos estes pontos de venda s\u00e3o instala\u00e7\u00f5es especializadas onde os profissionais encontram diariamente todos os produtos e servi\u00e7os de que [&hellip;]<\/p>\n","protected":false},"author":1,"featured_media":0,"parent":0,"menu_order":0,"comment_status":"closed","ping_status":"closed","template":"","meta":{"_et_pb_use_builder":"on","_et_pb_old_content":"<!-- wp:divi\/placeholder \/-->","_et_gb_content_width":"","footnotes":""},"class_list":["post-2009","page","type-page","status-publish","hentry"],"yoast_head":"<!-- This site is optimized with the Yoast SEO plugin v25.1 - https:\/\/yoast.com\/wordpress\/plugins\/seo\/ -->\n<title>Puntos de venta, empresa gallega de suministros para instaladores<\/title>\n<meta name=\"description\" content=\"Empresa proveedora de passivhaus en Espa\u00f1a y Galicia. Logra una buena eficiencia energ\u00e9tica, con nuestro SAT especializado en ahorro energ\u00e9tico.\" \/>\n<meta name=\"robots\" content=\"index, follow, max-snippet:-1, max-image-preview:large, max-video-preview:-1\" \/>\n<link rel=\"canonical\" href=\"https:\/\/calefon.es\/pt-pt\/pontos-de-venda\/\" \/>\n<meta property=\"og:locale\" content=\"pt_PT\" \/>\n<meta property=\"og:type\" content=\"article\" \/>\n<meta property=\"og:title\" content=\"Puntos de venta, empresa gallega de suministros para instaladores\" \/>\n<meta property=\"og:description\" content=\"Empresa proveedora de passivhaus en Espa\u00f1a y Galicia. Logra una buena eficiencia energ\u00e9tica, con nuestro SAT especializado en ahorro energ\u00e9tico.\" \/>\n<meta property=\"og:url\" content=\"https:\/\/calefon.es\/pt-pt\/pontos-de-venda\/\" \/>\n<meta property=\"og:site_name\" content=\"Calef\u00f3n\" \/>\n<meta property=\"article:modified_time\" content=\"2022-05-26T11:34:48+00:00\" \/>\n<meta name=\"twitter:card\" content=\"summary_large_image\" \/>\n<meta name=\"twitter:label1\" content=\"Tempo estimado de leitura\" \/>\n\t<meta name=\"twitter:data1\" content=\"3 minutos\" \/>\n<script type=\"application\/ld+json\" class=\"yoast-schema-graph\">{\"@context\":\"https:\/\/schema.org\",\"@graph\":[{\"@type\":\"WebPage\",\"@id\":\"https:\/\/calefon.es\/pt-pt\/pontos-de-venda\/\",\"url\":\"https:\/\/calefon.es\/pt-pt\/pontos-de-venda\/\",\"name\":\"Puntos de venta, empresa gallega de suministros para instaladores\",\"isPartOf\":{\"@id\":\"https:\/\/calefon.es\/pt-pt\/#website\"},\"datePublished\":\"2022-02-14T12:00:47+00:00\",\"dateModified\":\"2022-05-26T11:34:48+00:00\",\"description\":\"Empresa proveedora de passivhaus en Espa\u00f1a y Galicia. Logra una buena eficiencia energ\u00e9tica, con nuestro SAT especializado en ahorro energ\u00e9tico.\",\"breadcrumb\":{\"@id\":\"https:\/\/calefon.es\/pt-pt\/pontos-de-venda\/#breadcrumb\"},\"inLanguage\":\"pt-PT\",\"potentialAction\":[{\"@type\":\"ReadAction\",\"target\":[\"https:\/\/calefon.es\/pt-pt\/pontos-de-venda\/\"]}]},{\"@type\":\"BreadcrumbList\",\"@id\":\"https:\/\/calefon.es\/pt-pt\/pontos-de-venda\/#breadcrumb\",\"itemListElement\":[{\"@type\":\"ListItem\",\"position\":1,\"name\":\"Home\",\"item\":\"https:\/\/calefon.es\/pt-pt\/\"},{\"@type\":\"ListItem\",\"position\":2,\"name\":\"Pontos de venda\"}]},{\"@type\":\"WebSite\",\"@id\":\"https:\/\/calefon.es\/pt-pt\/#website\",\"url\":\"https:\/\/calefon.es\/pt-pt\/\",\"name\":\"Calef\u00f3n\",\"description\":\"\",\"potentialAction\":[{\"@type\":\"SearchAction\",\"target\":{\"@type\":\"EntryPoint\",\"urlTemplate\":\"https:\/\/calefon.es\/pt-pt\/?s={search_term_string}\"},\"query-input\":{\"@type\":\"PropertyValueSpecification\",\"valueRequired\":true,\"valueName\":\"search_term_string\"}}],\"inLanguage\":\"pt-PT\"}]}<\/script>\n<!-- \/ Yoast SEO plugin. -->","yoast_head_json":{"title":"Puntos de venta, empresa gallega de suministros para instaladores","description":"Empresa proveedora de passivhaus en Espa\u00f1a y Galicia. Logra una buena eficiencia energ\u00e9tica, con nuestro SAT especializado en ahorro energ\u00e9tico.","robots":{"index":"index","follow":"follow","max-snippet":"max-snippet:-1","max-image-preview":"max-image-preview:large","max-video-preview":"max-video-preview:-1"},"canonical":"https:\/\/calefon.es\/pt-pt\/pontos-de-venda\/","og_locale":"pt_PT","og_type":"article","og_title":"Puntos de venta, empresa gallega de suministros para instaladores","og_description":"Empresa proveedora de passivhaus en Espa\u00f1a y Galicia. Logra una buena eficiencia energ\u00e9tica, con nuestro SAT especializado en ahorro energ\u00e9tico.","og_url":"https:\/\/calefon.es\/pt-pt\/pontos-de-venda\/","og_site_name":"Calef\u00f3n","article_modified_time":"2022-05-26T11:34:48+00:00","twitter_card":"summary_large_image","twitter_misc":{"Tempo estimado de leitura":"3 minutos"},"schema":{"@context":"https:\/\/schema.org","@graph":[{"@type":"WebPage","@id":"https:\/\/calefon.es\/pt-pt\/pontos-de-venda\/","url":"https:\/\/calefon.es\/pt-pt\/pontos-de-venda\/","name":"Puntos de venta, empresa gallega de suministros para instaladores","isPartOf":{"@id":"https:\/\/calefon.es\/pt-pt\/#website"},"datePublished":"2022-02-14T12:00:47+00:00","dateModified":"2022-05-26T11:34:48+00:00","description":"Empresa proveedora de passivhaus en Espa\u00f1a y Galicia. Logra una buena eficiencia energ\u00e9tica, con nuestro SAT especializado en ahorro energ\u00e9tico.","breadcrumb":{"@id":"https:\/\/calefon.es\/pt-pt\/pontos-de-venda\/#breadcrumb"},"inLanguage":"pt-PT","potentialAction":[{"@type":"ReadAction","target":["https:\/\/calefon.es\/pt-pt\/pontos-de-venda\/"]}]},{"@type":"BreadcrumbList","@id":"https:\/\/calefon.es\/pt-pt\/pontos-de-venda\/#breadcrumb","itemListElement":[{"@type":"ListItem","position":1,"name":"Home","item":"https:\/\/calefon.es\/pt-pt\/"},{"@type":"ListItem","position":2,"name":"Pontos de venda"}]},{"@type":"WebSite","@id":"https:\/\/calefon.es\/pt-pt\/#website","url":"https:\/\/calefon.es\/pt-pt\/","name":"Calef\u00f3n","description":"","potentialAction":[{"@type":"SearchAction","target":{"@type":"EntryPoint","urlTemplate":"https:\/\/calefon.es\/pt-pt\/?s={search_term_string}"},"query-input":{"@type":"PropertyValueSpecification","valueRequired":true,"valueName":"search_term_string"}}],"inLanguage":"pt-PT"}]}},"_links":{"self":[{"href":"https:\/\/calefon.es\/pt-pt\/wp-json\/wp\/v2\/pages\/2009","targetHints":{"allow":["GET"]}}],"collection":[{"href":"https:\/\/calefon.es\/pt-pt\/wp-json\/wp\/v2\/pages"}],"about":[{"href":"https:\/\/calefon.es\/pt-pt\/wp-json\/wp\/v2\/types\/page"}],"author":[{"embeddable":true,"href":"https:\/\/calefon.es\/pt-pt\/wp-json\/wp\/v2\/users\/1"}],"replies":[{"embeddable":true,"href":"https:\/\/calefon.es\/pt-pt\/wp-json\/wp\/v2\/comments?post=2009"}],"version-history":[{"count":4,"href":"https:\/\/calefon.es\/pt-pt\/wp-json\/wp\/v2\/pages\/2009\/revisions"}],"predecessor-version":[{"id":2040,"href":"https:\/\/calefon.es\/pt-pt\/wp-json\/wp\/v2\/pages\/2009\/revisions\/2040"}],"wp:attachment":[{"href":"https:\/\/calefon.es\/pt-pt\/wp-json\/wp\/v2\/media?parent=2009"}],"curies":[{"name":"wp","href":"https:\/\/api.w.org\/{rel}","templated":true}]}}